{"id":4531,"date":"2025-03-04T10:48:15","date_gmt":"2025-03-04T10:48:15","guid":{"rendered":"https:\/\/legacybusinessplans.com\/terminos-de-servicio\/"},"modified":"2026-04-07T14:41:50","modified_gmt":"2026-04-07T14:41:50","slug":"terminos-de-servicio","status":"publish","type":"page","link":"https:\/\/legacybusinessplans.com\/terminos-de-servicio\/?lang=es","title":{"rendered":"T\u00e9rminos de servicio"},"content":{"rendered":"<style>.elementor-4531 .elementor-element.elementor-element-ba22a25{--display:flex;--min-height:80vh;--justify-content:center;--overlay-opacity:0.9;--margin-top:-174px;--margin-bottom:0px;--margin-left:0px;--margin-right:0px;}.elementor-4531 .elementor-element.elementor-element-ba22a25:not(.elementor-motion-effects-element-type-background), .elementor-4531 .elementor-element.elementor-element-ba22a25 > .elementor-motion-effects-container > .elementor-motion-effects-layer{background-color:#FFFFFF;background-image:url(\"https:\/\/legacybusinessplans.com\/wp-content\/uploads\/2025\/03\/Privacy-2-1.png\");background-position:center center;background-size:cover;}.elementor-4531 .elementor-element.elementor-element-ba22a25::before, .elementor-4531 .elementor-element.elementor-element-ba22a25 > .elementor-background-video-container::before, .elementor-4531 .elementor-element.elementor-element-ba22a25 > .e-con-inner > .elementor-background-video-container::before, .elementor-4531 .elementor-element.elementor-element-ba22a25 > .elementor-background-slideshow::before, .elementor-4531 .elementor-element.elementor-element-ba22a25 > .e-con-inner > .elementor-background-slideshow::before, .elementor-4531 .elementor-element.elementor-element-ba22a25 > .elementor-motion-effects-container > .elementor-motion-effects-layer::before{--background-overlay:'';}.elementor-widget-heading .elementor-heading-title{font-family:var( --e-global-typography-primary-font-family ), Sans-serif;font-weight:var( --e-global-typography-primary-font-weight );color:var( --e-global-color-primary );}.elementor-4531 .elementor-element.elementor-element-b0c901a{text-align:center;}.elementor-4531 .elementor-element.elementor-element-b0c901a .elementor-heading-title{font-family:\"Poppins\", Sans-serif;font-size:60px;font-weight:700;color:var( --e-global-color-text );}.elementor-4531 .elementor-element.elementor-element-b95e576 > .elementor-widget-container{margin:30px 0px 0px 0px;}.elementor-4531 .elementor-element.elementor-element-b95e576{text-align:center;}.elementor-4531 .elementor-element.elementor-element-b95e576 .elementor-heading-title{font-family:\"Poppins\", Sans-serif;font-size:22px;font-weight:600;text-transform:capitalize;color:#FFFFFF;}.elementor-4531 .elementor-element.elementor-element-f685d23{--display:flex;--flex-direction:column;--container-widget-width:100%;--container-widget-height:initial;--container-widget-flex-grow:0;--container-widget-align-self:initial;--flex-wrap-mobile:wrap;}.elementor-widget-text-editor{font-family:var( --e-global-typography-text-font-family ), Sans-serif;font-weight:var( --e-global-typography-text-font-weight );color:var( --e-global-color-text );}.elementor-widget-text-editor.elementor-drop-cap-view-stacked .elementor-drop-cap{background-color:var( --e-global-color-primary );}.elementor-widget-text-editor.elementor-drop-cap-view-framed .elementor-drop-cap, .elementor-widget-text-editor.elementor-drop-cap-view-default .elementor-drop-cap{color:var( --e-global-color-primary );border-color:var( --e-global-color-primary );}.elementor-4531 .elementor-element.elementor-element-c5e6b94 > .elementor-widget-container{margin:50px 0px 50px 0px;}.elementor-4531 .elementor-element.elementor-element-c5e6b94{text-align:start;font-family:\"Poppins\", Sans-serif;font-weight:400;color:var( --e-global-color-secondary );}@media(max-width:767px){.elementor-4531 .elementor-element.elementor-element-b0c901a .elementor-heading-title{font-size:40px;}.elementor-4531 .elementor-element.elementor-element-b95e576 > .elementor-widget-container{margin:1px 1px 1px 1px;}.elementor-4531 .elementor-element.elementor-element-b95e576 .elementor-heading-title{font-size:15px;}.elementor-4531 .elementor-element.elementor-element-c5e6b94 > .elementor-widget-container{margin:50px 10px 50px 10px;}}@media(min-width:768px){.elementor-4531 .elementor-element.elementor-element-ba22a25{--content-width:1350px;}}\/* Start custom CSS for heading, class: .elementor-element-b95e576 *\/.highlight-text {\r\n    background:#ff3131;\r\n    padding: 2px 5px;\r\n    display: inline-block;\r\n}\/* End custom CSS *\/<\/style>\t\t<div data-elementor-type=\"wp-page\" data-elementor-id=\"4531\" class=\"elementor elementor-4531 elementor-1748\" data-elementor-post-type=\"page\">\n\t\t\t\t<div class=\"elementor-element elementor-element-ba22a25 e-flex e-con-boxed e-con e-parent\" data-id=\"ba22a25\" data-element_type=\"container\" data-settings=\"{&quot;background_background&quot;:&quot;classic&quot;}\">\n\t\t\t\t\t<div class=\"e-con-inner\">\n\t\t\t\t<div class=\"elementor-element elementor-element-b0c901a animated-slow elementor-invisible elementor-widget elementor-widget-heading\" data-id=\"b0c901a\" data-element_type=\"widget\" data-settings=\"{&quot;_animation&quot;:&quot;fadeInLeft&quot;}\" data-widget_type=\"heading.default\">\n\t\t\t\t<div class=\"elementor-widget-container\">\n\t\t\t\t\t<h2 class=\"elementor-heading-title elementor-size-default\"><span class=\"www\">T\u00e9rminos de servicio\n<\/span><\/h2>\t\t\t\t<\/div>\n\t\t\t\t<\/div>\n\t\t\t\t\t<\/div>\n\t\t\t\t<\/div>\n\t\t<div class=\"elementor-element elementor-element-f685d23 e-flex e-con-boxed e-con e-parent\" data-id=\"f685d23\" data-element_type=\"container\">\n\t\t\t\t\t<div class=\"e-con-inner\">\n\t\t\t\t<div class=\"elementor-element elementor-element-c5e6b94 elementor-widget elementor-widget-text-editor\" data-id=\"c5e6b94\" data-element_type=\"widget\" data-widget_type=\"text-editor.default\">\n\t\t\t\t<div class=\"elementor-widget-container\">\n\t\t\t\t\t\t\t\t\t<h2 data-pm-slice=\"1 1 []\"><strong>T\u00e9rminos de servicio<\/strong><\/h2><div class=\"p-pdf_iframe__page\" aria-label=\"Page 1\" data-page-number=\"1\"><div class=\"textLayer\"><span dir=\"ltr\" role=\"presentation\">Antes de utilizar nuestro sitio web o adquirir cualquiera de nuestros servicios, le rogamos que dedique un momento a revisar <\/span><br role=\"presentation\"><span dir=\"ltr\" role=\"presentation\">nuestros T\u00e9rminos de uso y Pol\u00edtica de privacidad. Al acceder a este sitio web, usted reconoce y acepta <\/span><br role=\"presentation\"><span dir=\"ltr\" role=\"presentation\">quedar vinculado por las condiciones que se describen a continuaci\u00f3n. Si no acepta estos t\u00e9rminos, le rogamos que  <\/span><br role=\"presentation\"><span dir=\"ltr\" role=\"presentation\">abst\u00e9ngase de utilizar este sitio web o de contratar nuestros servicios. En estos t\u00e9rminos, \u201cLBP Business Consulting <\/span><span dir=\"ltr\" role=\"presentation\">  LLC, dba Legacy Business Plans\u201d, \u201cnosotros\u201d, \u201cnuestro\u201d o \u201cnos\u201d se refiere al propietario del sitio web. \u201cUsted\u201d o \u201csu\u201d  <\/span><br role=\"presentation\"><span dir=\"ltr\" role=\"presentation\">se refiere a la persona que utiliza o navega por este sitio.<\/span><\/div><div class=\"textLayer\"><br role=\"presentation\"><strong><span dir=\"ltr\" role=\"presentation\">AL ACCEDER A ESTE SITIO O ADQUIRIR NUESTROS SERVICIOS, USTED CONFIRMA <\/span><\/strong><br role=\"presentation\"><strong><span dir=\"ltr\" role=\"presentation\">QUE TIENE AL MENOS 18 A\u00d1OS Y EST\u00c1 LEGALMENTE AUTORIZADO A <\/span><\/strong><br role=\"presentation\"><strong><span dir=\"ltr\" role=\"presentation\">SUSCRIBIR UN CONTRATO.<\/span><\/strong><\/div><div class=\"textLayer\"><br role=\"presentation\"><strong><span dir=\"ltr\" role=\"presentation\">Resumen del acuerdo<\/span><\/strong><br role=\"presentation\"><span dir=\"ltr\" role=\"presentation\">El uso de este sitio web indica su aceptaci\u00f3n de nuestros T\u00e9rminos de uso, que rigen su <\/span><br role=\"presentation\"><span dir=\"ltr\" role=\"presentation\">relaci\u00f3n con Legacy Business Plans. Este documento representa el acuerdo completo  <\/span><br role=\"presentation\"><span dir=\"ltr\" role=\"presentation\">entre nosotros, invalidando cualquier entendimiento previo, y puede ser actualizado peri\u00f3dicamente sin previo <\/span><br role=\"presentation\"><span dir=\"ltr\" role=\"presentation\">aviso directo. Es su responsabilidad mantenerse informado de cualquier cambio. <br><\/span><br role=\"presentation\"><strong><span dir=\"ltr\" role=\"presentation\">Derechos de propiedad intelectual<\/span><\/strong><br role=\"presentation\"><span dir=\"ltr\" role=\"presentation\">Todos los materiales disponibles en este sitio web \u2014incluidos los logotipos, el texto, los elementos de dise\u00f1o, los gr\u00e1ficos y <\/span><br role=\"presentation\"><span dir=\"ltr\" role=\"presentation\">el contenido descargable\u2014 son propiedad de Legacy Business Plans o se utilizan con permiso.<\/span><br role=\"presentation\"><span dir=\"ltr\" role=\"presentation\">Estos materiales est\u00e1n protegidos por las leyes de derechos de autor y propiedad intelectual, y no pueden ser <\/span><br role=\"presentation\"><span dir=\"ltr\" role=\"presentation\">reproducidos, modificados o redistribuidos sin consentimiento por escrito.<br><\/span><br role=\"presentation\"><strong><span dir=\"ltr\" role=\"presentation\">Acceso del usuario y uso limitado<\/span><\/strong><br role=\"presentation\"><span dir=\"ltr\" role=\"presentation\">Se le concede una licencia no transferible y revocable para acceder y utilizar el sitio web con fines personales, <\/span><br role=\"presentation\"><span dir=\"ltr\" role=\"presentation\">no comerciales. Cualquier uso indebido de nuestro contenido, incluida la distribuci\u00f3n no autorizada o  <\/span><br role=\"presentation\"><span dir=\"ltr\" role=\"presentation\">la extracci\u00f3n de datos, puede dar lugar a acciones legales o a la restricci\u00f3n del acceso.<br><\/span><br role=\"presentation\"><strong><span dir=\"ltr\" role=\"presentation\">Actividades prohibidas<\/span><\/strong><br role=\"presentation\"><span dir=\"ltr\" role=\"presentation\">Los usuarios no pueden reutilizar nuestro contenido para la reventa, realizar ingenier\u00eda inversa de las funciones del sitio o utilizar el sitio para<\/span><br role=\"presentation\"><span dir=\"ltr\" role=\"presentation\">spam, malware o cualquier actividad que viole las leyes aplicables. La recopilaci\u00f3n automatizada de datos y  <\/span><br role=\"presentation\"><span dir=\"ltr\" role=\"presentation\">los enlaces a contenido il\u00edcito tambi\u00e9n est\u00e1n estrictamente prohibidos.<br><\/span><br role=\"presentation\"><strong><span dir=\"ltr\" role=\"presentation\">No se proporciona asesoramiento profesional<\/span><\/strong><br role=\"presentation\"><span dir=\"ltr\" role=\"presentation\">La informaci\u00f3n presentada y los servicios ofrecidos en este sitio est\u00e1n destinados \u00fanicamente a fines generales de negocios <\/span><br role=\"presentation\"><span dir=\"ltr\" role=\"presentation\">de planificaci\u00f3n. No sustituyen el asesoramiento legal, fiscal o financiero. Legacy   <\/span><br role=\"presentation\"><span dir=\"ltr\" role=\"presentation\">Business Plans no es un bufete de abogados, y no se establece ninguna relaci\u00f3n profesional-cliente por el uso de <\/span><br role=\"presentation\"><span dir=\"ltr\" role=\"presentation\">nuestros servicios.<br><\/span><br role=\"presentation\"><strong><span dir=\"ltr\" role=\"presentation\">Compromiso con la privacidad<\/span><\/strong><br role=\"presentation\"><span dir=\"ltr\" role=\"presentation\">Valoramos su privacidad y gestionamos sus datos personales de acuerdo con nuestra Pol\u00edtica de privacidad. Al utilizar  <\/span><br role=\"presentation\"><span dir=\"ltr\" role=\"presentation\">este sitio o enviar su informaci\u00f3n, usted consiente la forma en que recopilamos y utilizamos los datos, tal como se detalla <\/span><br role=\"presentation\"><span dir=\"ltr\" role=\"presentation\">en dicha pol\u00edtica.<\/span><\/div><div class=\"annotationLayer\"><span style=\"font-family: -apple-system, BlinkMacSystemFont, 'Segoe UI', Roboto, 'Helvetica Neue', Arial, 'Noto Sans', sans-serif, 'Apple Color Emoji', 'Segoe UI Emoji', 'Segoe UI Symbol', 'Noto Color Emoji';\"><br><strong>Recursos y enlaces externos<\/strong><\/span><\/div><\/div><div class=\"p-pdf_iframe__page\" aria-label=\"Page 2\" data-page-number=\"2\"><div class=\"textLayer\"><span dir=\"ltr\" role=\"presentation\">Este sitio web puede incluir enlaces a plataformas de terceros. Legacy Business Plans no es  <\/span><br role=\"presentation\"><span dir=\"ltr\" role=\"presentation\">responsable del contenido, la exactitud o las pol\u00edticas de los sitios web externos y no respalda ning\u00fan <\/span><br role=\"presentation\"><span dir=\"ltr\" role=\"presentation\">servicio de terceros a menos que se indique expresamente.<br><\/span><br role=\"presentation\"><strong><span dir=\"ltr\" role=\"presentation\">Pol\u00edtica de pagos y reembolsos<\/span><\/strong><br role=\"presentation\"><span dir=\"ltr\" role=\"presentation\">Al adquirir un servicio a trav\u00e9s de este sitio, usted afirma que los datos de pago proporcionados son v\u00e1lidos <\/span><br role=\"presentation\"><span dir=\"ltr\" role=\"presentation\">y que est\u00e1 autorizado a utilizarlos. Tenga en cuenta que todos los pagos son definitivos y que no  <\/span><br role=\"presentation\"><span dir=\"ltr\" role=\"presentation\">ofrecemos reembolsos una vez realizado el pedido.<br><\/span><br role=\"presentation\"><strong><span dir=\"ltr\" role=\"presentation\">Descargo de responsabilidad y l\u00edmites de responsabilidad<\/span><\/strong><br role=\"presentation\"><span dir=\"ltr\" role=\"presentation\">Todos los servicios y contenidos se ofrecen \u201ctal cual\u201d sin garant\u00edas de ning\u00fan tipo, ya sean expresas o <\/span><br role=\"presentation\"><span dir=\"ltr\" role=\"presentation\">impl\u00edcitas. No garantizamos los resultados relacionados con la financiaci\u00f3n, las aprobaciones o los resultados. Legacy   <\/span><br role=\"presentation\"><span dir=\"ltr\" role=\"presentation\">Business Plans no se hace responsable de ning\u00fan da\u00f1o indirecto, incidental o consecuente. Nuestra responsabilidad total <\/span><br role=\"presentation\"><span dir=\"ltr\" role=\"presentation\">en su caso, se limitar\u00e1 a los honorarios pagados por el servicio.<br><\/span><br role=\"presentation\"><strong><span dir=\"ltr\" role=\"presentation\">Jurisdicci\u00f3n y litigios<\/span><\/strong><br role=\"presentation\"><span dir=\"ltr\" role=\"presentation\">Este acuerdo se regir\u00e1 por la legislaci\u00f3n de Florida. Cualquier procedimiento legal se llevar\u00e1 a cabo en Miami- <\/span><br role=\"presentation\"><span dir=\"ltr\" role=\"presentation\">Dade County, Florida, y usted acepta resolver las disputas a trav\u00e9s de esa jurisdicci\u00f3n. Tambi\u00e9n acepta  <\/span><br role=\"presentation\"><span dir=\"ltr\" role=\"presentation\">indemnizar y eximir de responsabilidad a Legacy Business Plans frente a cualquier reclamaci\u00f3n derivada de su <\/span><br role=\"presentation\"><span dir=\"ltr\" role=\"presentation\">uso del sitio o de los servicios.<br><\/span><br role=\"presentation\"><strong><span dir=\"ltr\" role=\"presentation\">Informaci\u00f3n de contacto<\/span><\/strong><br role=\"presentation\"><span dir=\"ltr\" role=\"presentation\">LBP Business Consulting LLC dba Legacy Business Plans<\/span><br role=\"presentation\"><span dir=\"ltr\" role=\"presentation\">Correo electr\u00f3nico: contact@legacybusinessplans.com<\/span><br role=\"presentation\"><span dir=\"ltr\" role=\"presentation\">Tel\u00e9fono: 786-991-2695<\/span><br role=\"presentation\"><span dir=\"ltr\" role=\"presentation\">Sitio web: <\/span><span dir=\"ltr\" role=\"presentation\">legacybusinessplans.com<\/span><\/div><div class=\"annotationLayer\"> <\/div><\/div>\t\t\t\t\t\t\t\t<\/div>\n\t\t\t\t<\/div>\n\t\t\t\t\t<\/div>\n\t\t\t\t<\/div>\n\t\t\t\t<\/div>\n\t\t","protected":false},"excerpt":{"rendered":"<p>T\u00e9rminos de servicio T\u00e9rminos de servicio Antes de utilizar nuestro sitio web o adquirir cualquiera de nuestros servicios, le rogamos que dedique un momento a revisar nuestros T\u00e9rminos de uso y Pol\u00edtica de privacidad. Al acceder a este sitio web, usted reconoce y acepta quedar vinculado por las condiciones que se describen a continuaci\u00f3n. Si [&hellip;]<\/p>\n","protected":false},"author":5,"featured_media":0,"parent":0,"menu_order":0,"comment_status":"closed","ping_status":"closed","template":"","meta":{"footnotes":""},"class_list":["post-4531","page","type-page","status-publish","hentry"],"yoast_head":"<!-- This site is optimized with the Yoast SEO plugin v26.6 - https:\/\/yoast.com\/wordpress\/plugins\/seo\/ -->\n<title>T\u00e9rminos de servicio &#8211; Legacy Business Plans<\/title>\n<meta name=\"robots\" content=\"index, follow, max-snippet:-1, max-image-preview:large, max-video-preview:-1\" \/>\n<link rel=\"canonical\" href=\"https:\/\/legacybusinessplans.com\/terminos-de-servicio\/\" \/>\n<meta property=\"og:locale\" content=\"en_US\" \/>\n<meta property=\"og:type\" content=\"article\" \/>\n<meta property=\"og:title\" content=\"T\u00e9rminos de servicio &#8211; Legacy Business Plans\" \/>\n<meta property=\"og:description\" content=\"T\u00e9rminos de servicio T\u00e9rminos de servicio Antes de utilizar nuestro sitio web o adquirir cualquiera de nuestros servicios, le rogamos que dedique un momento a revisar nuestros T\u00e9rminos de uso y Pol\u00edtica de privacidad. Al acceder a este sitio web, usted reconoce y acepta quedar vinculado por las condiciones que se describen a continuaci\u00f3n. Si [&hellip;]\" \/>\n<meta property=\"og:url\" content=\"https:\/\/legacybusinessplans.com\/terminos-de-servicio\/?lang=es\" \/>\n<meta property=\"og:site_name\" content=\"Legacy Business Plans\" \/>\n<meta property=\"article:modified_time\" content=\"2026-04-07T14:41:50+00:00\" \/>\n<meta property=\"og:image\" content=\"https:\/\/legacybusinessplans.com\/wp-content\/uploads\/2025\/05\/Black-Red.png\" \/>\n\t<meta property=\"og:image:width\" content=\"3845\" \/>\n\t<meta property=\"og:image:height\" content=\"1629\" \/>\n\t<meta property=\"og:image:type\" content=\"image\/png\" \/>\n<meta name=\"twitter:card\" content=\"summary_large_image\" \/>\n<meta name=\"twitter:label1\" content=\"Est. reading time\" \/>\n\t<meta name=\"twitter:data1\" content=\"4 minutes\" \/>\n<!-- \/ Yoast SEO plugin. -->","yoast_head_json":{"title":"T\u00e9rminos de servicio &#8211; Legacy Business Plans","robots":{"index":"index","follow":"follow","max-snippet":"max-snippet:-1","max-image-preview":"max-image-preview:large","max-video-preview":"max-video-preview:-1"},"canonical":"https:\/\/legacybusinessplans.com\/terminos-de-servicio\/","og_locale":"en_US","og_type":"article","og_title":"T\u00e9rminos de servicio &#8211; Legacy Business Plans","og_description":"T\u00e9rminos de servicio T\u00e9rminos de servicio Antes de utilizar nuestro sitio web o adquirir cualquiera de nuestros servicios, le rogamos que dedique un momento a revisar nuestros T\u00e9rminos de uso y Pol\u00edtica de privacidad. Al acceder a este sitio web, usted reconoce y acepta quedar vinculado por las condiciones que se describen a continuaci\u00f3n. Si [&hellip;]","og_url":"https:\/\/legacybusinessplans.com\/terminos-de-servicio\/?lang=es","og_site_name":"Legacy Business Plans","article_modified_time":"2026-04-07T14:41:50+00:00","og_image":[{"width":3845,"height":1629,"url":"https:\/\/legacybusinessplans.com\/wp-content\/uploads\/2025\/05\/Black-Red.png","type":"image\/png"}],"twitter_card":"summary_large_image","twitter_misc":{"Est. reading time":"4 minutes"},"schema":{"@context":"https:\/\/schema.org","@graph":[{"@type":"WebPage","@id":"https:\/\/legacybusinessplans.com\/terminos-de-servicio\/?lang=es","url":"https:\/\/legacybusinessplans.com\/terminos-de-servicio\/?lang=es","name":"T\u00e9rminos de servicio &#8211; Legacy Business Plans","isPartOf":{"@id":"https:\/\/legacybusinessplans.com\/#website"},"datePublished":"2025-03-04T10:48:15+00:00","dateModified":"2026-04-07T14:41:50+00:00","breadcrumb":{"@id":"https:\/\/legacybusinessplans.com\/terminos-de-servicio\/?lang=es#breadcrumb"},"inLanguage":"en-US","potentialAction":[{"@type":"ReadAction","target":["https:\/\/legacybusinessplans.com\/terminos-de-servicio\/?lang=es"]}]},{"@type":"BreadcrumbList","@id":"https:\/\/legacybusinessplans.com\/terminos-de-servicio\/?lang=es#breadcrumb","itemListElement":[{"@type":"ListItem","position":1,"name":"Home","item":"https:\/\/legacybusinessplans.com\/"},{"@type":"ListItem","position":2,"name":"T\u00e9rminos de servicio"}]},{"@type":"WebSite","@id":"https:\/\/legacybusinessplans.com\/#website","url":"https:\/\/legacybusinessplans.com\/","name":"Legacy Business Plans","description":"Turning Your Vision into SBA, Investor, and Immigration Business Plans. Fast, Accurate, and Ready to Impress.","publisher":{"@id":"https:\/\/legacybusinessplans.com\/#organization"},"potentialAction":[{"@type":"SearchAction","target":{"@type":"EntryPoint","urlTemplate":"https:\/\/legacybusinessplans.com\/?s={search_term_string}"},"query-input":{"@type":"PropertyValueSpecification","valueRequired":true,"valueName":"search_term_string"}}],"inLanguage":"en-US"},{"@type":"Organization","@id":"https:\/\/legacybusinessplans.com\/#organization","name":"Legacy Business Plans","url":"https:\/\/legacybusinessplans.com\/","logo":{"@type":"ImageObject","inLanguage":"en-US","@id":"https:\/\/legacybusinessplans.com\/#\/schema\/logo\/image\/","url":"https:\/\/legacybusinessplans.com\/wp-content\/uploads\/2025\/02\/LBP-GF-LOGO.png","contentUrl":"https:\/\/legacybusinessplans.com\/wp-content\/uploads\/2025\/02\/LBP-GF-LOGO.png","width":3750,"height":3750,"caption":"Legacy Business Plans"},"image":{"@id":"https:\/\/legacybusinessplans.com\/#\/schema\/logo\/image\/"},"sameAs":["https:\/\/www.instagram.com\/legacybusinessplans\/","https:\/\/www.linkedin.com\/in\/jenny-betancourt-finance\/"]}]}},"_links":{"self":[{"href":"https:\/\/legacybusinessplans.com\/wp-json\/wp\/v2\/pages\/4531","targetHints":{"allow":["GET"]}}],"collection":[{"href":"https:\/\/legacybusinessplans.com\/wp-json\/wp\/v2\/pages"}],"about":[{"href":"https:\/\/legacybusinessplans.com\/wp-json\/wp\/v2\/types\/page"}],"author":[{"embeddable":true,"href":"https:\/\/legacybusinessplans.com\/wp-json\/wp\/v2\/users\/5"}],"replies":[{"embeddable":true,"href":"https:\/\/legacybusinessplans.com\/wp-json\/wp\/v2\/comments?post=4531"}],"version-history":[{"count":2,"href":"https:\/\/legacybusinessplans.com\/wp-json\/wp\/v2\/pages\/4531\/revisions"}],"predecessor-version":[{"id":5606,"href":"https:\/\/legacybusinessplans.com\/wp-json\/wp\/v2\/pages\/4531\/revisions\/5606"}],"wp:attachment":[{"href":"https:\/\/legacybusinessplans.com\/wp-json\/wp\/v2\/media?parent=4531"}],"curies":[{"name":"wp","href":"https:\/\/api.w.org\/{rel}","templated":true}]}}