{"id":4483,"date":"2025-04-25T13:14:48","date_gmt":"2025-04-25T13:14:48","guid":{"rendered":"https:\/\/legacybusinessplans.com\/politica-de-privacidad\/"},"modified":"2026-04-07T14:41:50","modified_gmt":"2026-04-07T14:41:50","slug":"politica-de-privacidad","status":"publish","type":"page","link":"https:\/\/legacybusinessplans.com\/politica-de-privacidad\/?lang=es","title":{"rendered":"Pol\u00edtica de privacidad"},"content":{"rendered":"<style>.elementor-4483 .elementor-element.elementor-element-ba22a25{--display:flex;--min-height:80vh;--justify-content:center;--overlay-opacity:0.9;--margin-top:-174px;--margin-bottom:0px;--margin-left:0px;--margin-right:0px;}.elementor-4483 .elementor-element.elementor-element-ba22a25:not(.elementor-motion-effects-element-type-background), .elementor-4483 .elementor-element.elementor-element-ba22a25 > .elementor-motion-effects-container > .elementor-motion-effects-layer{background-color:#FFFFFF;background-image:url(\"https:\/\/legacybusinessplans.com\/wp-content\/uploads\/2025\/03\/Privacy-2-1.png\");background-position:center center;background-size:cover;}.elementor-4483 .elementor-element.elementor-element-ba22a25::before, .elementor-4483 .elementor-element.elementor-element-ba22a25 > .elementor-background-video-container::before, .elementor-4483 .elementor-element.elementor-element-ba22a25 > .e-con-inner > .elementor-background-video-container::before, .elementor-4483 .elementor-element.elementor-element-ba22a25 > .elementor-background-slideshow::before, .elementor-4483 .elementor-element.elementor-element-ba22a25 > .e-con-inner > .elementor-background-slideshow::before, .elementor-4483 .elementor-element.elementor-element-ba22a25 > .elementor-motion-effects-container > .elementor-motion-effects-layer::before{--background-overlay:'';}.elementor-widget-heading .elementor-heading-title{font-family:var( --e-global-typography-primary-font-family ), Sans-serif;font-weight:var( --e-global-typography-primary-font-weight );color:var( --e-global-color-primary );}.elementor-4483 .elementor-element.elementor-element-b0c901a{text-align:center;}.elementor-4483 .elementor-element.elementor-element-b0c901a .elementor-heading-title{font-family:\"Poppins\", Sans-serif;font-size:60px;font-weight:700;color:var( --e-global-color-text );}.elementor-4483 .elementor-element.elementor-element-b95e576 > .elementor-widget-container{margin:30px 0px 0px 0px;}.elementor-4483 .elementor-element.elementor-element-b95e576{text-align:center;}.elementor-4483 .elementor-element.elementor-element-b95e576 .elementor-heading-title{font-family:\"Poppins\", Sans-serif;font-size:22px;font-weight:600;text-transform:capitalize;color:#FFFFFF;}.elementor-4483 .elementor-element.elementor-element-f685d23{--display:flex;--flex-direction:column;--container-widget-width:100%;--container-widget-height:initial;--container-widget-flex-grow:0;--container-widget-align-self:initial;--flex-wrap-mobile:wrap;}.elementor-widget-text-editor{font-family:var( --e-global-typography-text-font-family ), Sans-serif;font-weight:var( --e-global-typography-text-font-weight );color:var( --e-global-color-text );}.elementor-widget-text-editor.elementor-drop-cap-view-stacked .elementor-drop-cap{background-color:var( --e-global-color-primary );}.elementor-widget-text-editor.elementor-drop-cap-view-framed .elementor-drop-cap, .elementor-widget-text-editor.elementor-drop-cap-view-default .elementor-drop-cap{color:var( --e-global-color-primary );border-color:var( --e-global-color-primary );}.elementor-4483 .elementor-element.elementor-element-c5e6b94 > .elementor-widget-container{margin:50px 0px 50px 0px;}.elementor-4483 .elementor-element.elementor-element-c5e6b94{text-align:start;font-family:\"Poppins\", Sans-serif;font-weight:400;color:var( --e-global-color-secondary );}@media(max-width:767px){.elementor-4483 .elementor-element.elementor-element-b0c901a .elementor-heading-title{font-size:40px;}.elementor-4483 .elementor-element.elementor-element-b95e576 > .elementor-widget-container{margin:1px 1px 1px 1px;}.elementor-4483 .elementor-element.elementor-element-b95e576 .elementor-heading-title{font-size:15px;}.elementor-4483 .elementor-element.elementor-element-c5e6b94 > .elementor-widget-container{margin:50px 10px 50px 10px;}}@media(min-width:768px){.elementor-4483 .elementor-element.elementor-element-ba22a25{--content-width:1350px;}}\/* Start custom CSS for heading, class: .elementor-element-b95e576 *\/.highlight-text {\r\n    background:#ff3131;\r\n    padding: 2px 5px;\r\n    display: inline-block;\r\n}\/* End custom CSS *\/<\/style>\t\t<div data-elementor-type=\"wp-page\" data-elementor-id=\"4483\" class=\"elementor elementor-4483 elementor-3358\" data-elementor-post-type=\"page\">\n\t\t\t\t<div class=\"elementor-element elementor-element-ba22a25 e-flex e-con-boxed e-con e-parent\" data-id=\"ba22a25\" data-element_type=\"container\" data-settings=\"{&quot;background_background&quot;:&quot;classic&quot;}\">\n\t\t\t\t\t<div class=\"e-con-inner\">\n\t\t\t\t<div class=\"elementor-element elementor-element-b0c901a animated-slow elementor-invisible elementor-widget elementor-widget-heading\" data-id=\"b0c901a\" data-element_type=\"widget\" data-settings=\"{&quot;_animation&quot;:&quot;fadeInLeft&quot;}\" data-widget_type=\"heading.default\">\n\t\t\t\t<div class=\"elementor-widget-container\">\n\t\t\t\t\t<h2 class=\"elementor-heading-title elementor-size-default\"><span class=\"www\">Pol\u00edtica de privacidad<\/span><\/h2>\t\t\t\t<\/div>\n\t\t\t\t<\/div>\n\t\t\t\t<div class=\"elementor-element elementor-element-b95e576 elementor-invisible elementor-widget elementor-widget-heading\" data-id=\"b95e576\" data-element_type=\"widget\" data-settings=\"{&quot;_animation&quot;:&quot;fadeInLeft&quot;}\" data-widget_type=\"heading.default\">\n\t\t\t\t<div class=\"elementor-widget-container\">\n\t\t\t\t\t<h2 class=\"elementor-heading-title elementor-size-default\"><span class=\"highlight-text\">Protegemos tus datos de forma segura\n<\/span><\/h2>\t\t\t\t<\/div>\n\t\t\t\t<\/div>\n\t\t\t\t\t<\/div>\n\t\t\t\t<\/div>\n\t\t<div class=\"elementor-element elementor-element-f685d23 e-flex e-con-boxed e-con e-parent\" data-id=\"f685d23\" data-element_type=\"container\">\n\t\t\t\t\t<div class=\"e-con-inner\">\n\t\t\t\t<div class=\"elementor-element elementor-element-c5e6b94 elementor-widget elementor-widget-text-editor\" data-id=\"c5e6b94\" data-element_type=\"widget\" data-widget_type=\"text-editor.default\">\n\t\t\t\t<div class=\"elementor-widget-container\">\n\t\t\t\t\t\t\t\t\t<h2 data-pm-slice=\"1 1 []\"><strong>Pol\u00edtica de privacidad<\/strong><\/h2><p><strong>Fecha de entrada en vigor:<\/strong> 7 de marzo de 2025<\/p><p><strong>LBP Business Consulting LLC<\/strong>, que opera como Legacy Business Plans (la \u00abEmpresa\u00bb, \u00abnosotros\u00bb, \u00abnos\u00bb o \u00abnuestro\u00bb), respeta su privacidad y se compromete a protegerla mediante esta Pol\u00edtica de privacidad. Esta Pol\u00edtica de privacidad explica c\u00f3mo recopilamos, utilizamos, divulgamos y protegemos su informaci\u00f3n cuando visita nuestro sitio web [<a>legacybusinessplans.com<\/a>] (el \u00abSitio web\u00bb), utiliza nuestros servicios o interact\u00faa con nosotros de otras formas. <\/p><p>Al utilizar nuestro sitio web o nuestros servicios, usted acepta las pr\u00e1cticas de datos descritas en esta Pol\u00edtica de privacidad. Si no est\u00e1 de acuerdo con esta pol\u00edtica, no utilice nuestro sitio web ni nuestros servicios. <\/p><h4><strong>1. Informaci\u00f3n que recopilamos<\/strong><\/h4><p>Podemos recopilar los siguientes tipos de informaci\u00f3n:<\/p><h5><strong>a. Informaci\u00f3n personal <\/strong><\/h5><p>Cuando interact\u00faa con nosotros, puede proporcionar informaci\u00f3n personal, incluyendo, entre otros:<\/p><ul data-spread=\"false\"><li>Nombre<\/li><li>Direcci\u00f3n de correo electr\u00f3nico<\/li><li>N\u00famero de tel\u00e9fono<\/li><li>Direcci\u00f3n postal<\/li><li>Datos de la empresa<\/li><li>Informaci\u00f3n de pago (procesada de forma segura a trav\u00e9s de procesadores de pago de terceros)<\/li><\/ul><h5><strong>b. Informaci\u00f3n no personal <\/strong><\/h5><p>Podemos recopilar datos no personales, incluyendo:<\/p><ul data-spread=\"false\"><li>Tipo y versi\u00f3n del navegador<\/li><li>Direcci\u00f3n IP<\/li><li>Cookies y tecnolog\u00edas de seguimiento<\/li><li>Datos de uso, como las p\u00e1ginas que visita y el tiempo que pasa en nuestro sitio web<\/li><\/ul><h4><strong>2. C\u00f3mo utilizamos su informaci\u00f3n<\/strong><\/h4><p>Podemos utilizar la informaci\u00f3n recopilada para los siguientes fines:<\/p><ul data-spread=\"false\"><li>Para proporcionar, operar y mantener nuestro sitio web y nuestros servicios<\/li><li>Para comunicarnos con usted, incluyendo la respuesta a las consultas<\/li><li>Para procesar las transacciones de forma segura<\/li><li>Para enviar materiales promocionales y de marketing (puede optar por no recibirlos en cualquier momento)<\/li><li>Para mejorar nuestro sitio web, nuestros servicios y la experiencia del cliente<\/li><li>Para cumplir con las obligaciones legales y prevenir el fraude<\/li><\/ul><h4><strong>3. Compartir su informaci\u00f3n<\/strong><\/h4><p>No vendemos, comercializamos ni alquilamos su informaci\u00f3n personal. Sin embargo, podemos compartir informaci\u00f3n en las siguientes situaciones: <\/p><ul data-spread=\"false\"><li><strong>Proveedores de servicios:<\/strong> No compartiremos ninguna informaci\u00f3n con nadie.<\/li><li><strong>Cumplimiento legal:<\/strong> Si lo exige la ley o para proteger nuestros derechos, podemos divulgar informaci\u00f3n a las autoridades reguladoras o a las fuerzas del orden.<\/li><li><strong>Transferencias comerciales:<\/strong> En caso de fusi\u00f3n, adquisici\u00f3n o venta de los activos de nuestra empresa, los datos del usuario pueden transferirse como parte de la transacci\u00f3n comercial.<\/li><\/ul><h4><strong>4. Seguridad de los datos<\/strong><\/h4><p>Implementamos medidas de seguridad est\u00e1ndar del sector para proteger su informaci\u00f3n personal del acceso, la alteraci\u00f3n o la destrucci\u00f3n no autorizados. Sin embargo, ning\u00fan m\u00e9todo de transmisi\u00f3n a trav\u00e9s de Internet es 100% seguro. Aunque nos esforzamos por proteger sus datos, no podemos garantizar su seguridad absoluta.  <\/p><h4><strong>5. Cookies y tecnolog\u00edas de seguimiento<\/strong><\/h4><p>Nuestro sitio web puede utilizar cookies y tecnolog\u00edas de seguimiento similares para mejorar la experiencia del usuario. Puede configurar su navegador para que rechace las cookies, pero es posible que algunas funciones del sitio web no funcionen correctamente sin ellas. <\/p><h4 style=\"font-family: Poppins, sans-serif; color: #2b2a2a;\"><span style=\"font-weight: bolder;\">6. Comunicaciones con consentimiento (opt-in)<\/span><\/h4><p>Solo nos pondremos en contacto con usted en relaci\u00f3n con los servicios para los que haya dado su consentimiento (opt-in). Al aceptar nuestros <a href=\"https:\/\/legacybusinessplans.com\/es\/terminos-de-servicio\/\">T\u00e9rminos del servicio<\/a>, usted consiente recibir comunicaciones relacionadas con su solicitud o servicio. Si desea retirar su consentimiento o darse de baja de futuras comunicaciones, puede hacerlo en cualquier momento poni\u00e9ndose en contacto con nosotros en contact@legacybusinessplans.com  <\/p><div><h4 style=\"font-family: Poppins, sans-serif; color: #2b2a2a;\"><span style=\"font-weight: bolder;\">7. Cumplimiento de A2P 10DLC<\/span><\/h4><p>Nuestras pr\u00e1cticas de comunicaci\u00f3n cumplen la normativa A2P 10DLC. Nos aseguramos de que toda la mensajer\u00eda se realice de conformidad con las directrices y los requisitos establecidos por la normativa. <\/p><\/div><div><strong style=\"color: inherit; font-family: inherit; font-size: 1.5rem;\">8. Enlaces a terceros<\/strong><\/div><p>Nuestro sitio web puede contener enlaces a sitios web de terceros. No somos responsables de las pr\u00e1cticas de privacidad de estos sitios externos y le recomendamos que revise sus pol\u00edticas antes de proporcionar cualquier dato personal. <\/p><h4><strong>9. Sus derechos y opciones<\/strong><\/h4><p>Dependiendo de su ubicaci\u00f3n, puede tener los siguientes derechos con respecto a sus datos personales:<\/p><ul data-spread=\"false\"><li>Acceder, actualizar o eliminar su informaci\u00f3n personal<\/li><li>Oponerse al procesamiento de sus datos con fines de marketing<\/li><li>Solicitar la portabilidad de los datos<\/li><li>Retirar el consentimiento para el procesamiento de datos (cuando corresponda)<\/li><\/ul><p>Para ejercer estos derechos, p\u00f3ngase en contacto con nosotros en <strong>contact@legacybusinessplans.com<\/strong>.<\/p><h4><strong>10. Cambios en esta Pol\u00edtica de privacidad<\/strong><\/h4><p>Es posible que actualicemos esta Pol\u00edtica de privacidad peri\u00f3dicamente. La \u00faltima versi\u00f3n se publicar\u00e1 en nuestro sitio web con una fecha de entrada en vigor actualizada. Le recomendamos que revise esta pol\u00edtica regularmente para mantenerse informado sobre c\u00f3mo protegemos su informaci\u00f3n.  <\/p><h4><strong>11. Contacto<\/strong><\/h4><p>Si tiene alguna pregunta o duda sobre esta Pol\u00edtica de privacidad, p\u00f3ngase en contacto con nosotros en:<\/p><p><strong>LBP Business Consulting LLC dba Legacy Business Plans<\/strong><br>7910 Harbor Island Dr.<br>contact@legacybusinessplans.com<\/p><p>786-991-2695<\/p>\t\t\t\t\t\t\t\t<\/div>\n\t\t\t\t<\/div>\n\t\t\t\t\t<\/div>\n\t\t\t\t<\/div>\n\t\t\t\t<\/div>\n\t\t","protected":false},"excerpt":{"rendered":"<p>Pol\u00edtica de privacidad Protegemos tus datos de forma segura Pol\u00edtica de privacidad Fecha de entrada en vigor: 7 de marzo de 2025 LBP Business Consulting LLC, que opera como Legacy Business Plans (la \u00abEmpresa\u00bb, \u00abnosotros\u00bb, \u00abnos\u00bb o \u00abnuestro\u00bb), respeta su privacidad y se compromete a protegerla mediante esta Pol\u00edtica de privacidad. Esta Pol\u00edtica de privacidad [&hellip;]<\/p>\n","protected":false},"author":5,"featured_media":0,"parent":0,"menu_order":0,"comment_status":"closed","ping_status":"closed","template":"","meta":{"footnotes":""},"class_list":["post-4483","page","type-page","status-publish","hentry"],"yoast_head":"<!-- This site is optimized with the Yoast SEO plugin v26.6 - https:\/\/yoast.com\/wordpress\/plugins\/seo\/ -->\n<title>Pol\u00edtica de privacidad &#8211; Legacy Business Plans<\/title>\n<meta name=\"robots\" content=\"index, follow, max-snippet:-1, max-image-preview:large, max-video-preview:-1\" \/>\n<link rel=\"canonical\" href=\"https:\/\/legacybusinessplans.com\/politica-de-privacidad\/\" \/>\n<meta property=\"og:locale\" content=\"en_US\" \/>\n<meta property=\"og:type\" content=\"article\" \/>\n<meta property=\"og:title\" content=\"Pol\u00edtica de privacidad &#8211; Legacy Business Plans\" \/>\n<meta property=\"og:description\" content=\"Pol\u00edtica de privacidad Protegemos tus datos de forma segura Pol\u00edtica de privacidad Fecha de entrada en vigor: 7 de marzo de 2025 LBP Business Consulting LLC, que opera como Legacy Business Plans (la \u00abEmpresa\u00bb, \u00abnosotros\u00bb, \u00abnos\u00bb o \u00abnuestro\u00bb), respeta su privacidad y se compromete a protegerla mediante esta Pol\u00edtica de privacidad. Esta Pol\u00edtica de privacidad [&hellip;]\" \/>\n<meta property=\"og:url\" content=\"https:\/\/legacybusinessplans.com\/politica-de-privacidad\/?lang=es\" \/>\n<meta property=\"og:site_name\" content=\"Legacy Business Plans\" \/>\n<meta property=\"article:modified_time\" content=\"2026-04-07T14:41:50+00:00\" \/>\n<meta property=\"og:image\" content=\"https:\/\/legacybusinessplans.com\/wp-content\/uploads\/2025\/05\/Black-Red.png\" \/>\n\t<meta property=\"og:image:width\" content=\"3845\" \/>\n\t<meta property=\"og:image:height\" content=\"1629\" \/>\n\t<meta property=\"og:image:type\" content=\"image\/png\" \/>\n<meta name=\"twitter:card\" content=\"summary_large_image\" \/>\n<meta name=\"twitter:label1\" content=\"Est. reading time\" \/>\n\t<meta name=\"twitter:data1\" content=\"4 minutes\" \/>\n<!-- \/ Yoast SEO plugin. -->","yoast_head_json":{"title":"Pol\u00edtica de privacidad &#8211; Legacy Business Plans","robots":{"index":"index","follow":"follow","max-snippet":"max-snippet:-1","max-image-preview":"max-image-preview:large","max-video-preview":"max-video-preview:-1"},"canonical":"https:\/\/legacybusinessplans.com\/politica-de-privacidad\/","og_locale":"en_US","og_type":"article","og_title":"Pol\u00edtica de privacidad &#8211; Legacy Business Plans","og_description":"Pol\u00edtica de privacidad Protegemos tus datos de forma segura Pol\u00edtica de privacidad Fecha de entrada en vigor: 7 de marzo de 2025 LBP Business Consulting LLC, que opera como Legacy Business Plans (la \u00abEmpresa\u00bb, \u00abnosotros\u00bb, \u00abnos\u00bb o \u00abnuestro\u00bb), respeta su privacidad y se compromete a protegerla mediante esta Pol\u00edtica de privacidad. Esta Pol\u00edtica de privacidad [&hellip;]","og_url":"https:\/\/legacybusinessplans.com\/politica-de-privacidad\/?lang=es","og_site_name":"Legacy Business Plans","article_modified_time":"2026-04-07T14:41:50+00:00","og_image":[{"width":3845,"height":1629,"url":"https:\/\/legacybusinessplans.com\/wp-content\/uploads\/2025\/05\/Black-Red.png","type":"image\/png"}],"twitter_card":"summary_large_image","twitter_misc":{"Est. reading time":"4 minutes"},"schema":{"@context":"https:\/\/schema.org","@graph":[{"@type":"WebPage","@id":"https:\/\/legacybusinessplans.com\/politica-de-privacidad\/?lang=es","url":"https:\/\/legacybusinessplans.com\/politica-de-privacidad\/?lang=es","name":"Pol\u00edtica de privacidad &#8211; Legacy Business Plans","isPartOf":{"@id":"https:\/\/legacybusinessplans.com\/#website"},"datePublished":"2025-04-25T13:14:48+00:00","dateModified":"2026-04-07T14:41:50+00:00","breadcrumb":{"@id":"https:\/\/legacybusinessplans.com\/politica-de-privacidad\/?lang=es#breadcrumb"},"inLanguage":"en-US","potentialAction":[{"@type":"ReadAction","target":["https:\/\/legacybusinessplans.com\/politica-de-privacidad\/?lang=es"]}]},{"@type":"BreadcrumbList","@id":"https:\/\/legacybusinessplans.com\/politica-de-privacidad\/?lang=es#breadcrumb","itemListElement":[{"@type":"ListItem","position":1,"name":"Home","item":"https:\/\/legacybusinessplans.com\/"},{"@type":"ListItem","position":2,"name":"Pol\u00edtica de privacidad"}]},{"@type":"WebSite","@id":"https:\/\/legacybusinessplans.com\/#website","url":"https:\/\/legacybusinessplans.com\/","name":"Legacy Business Plans","description":"Turning Your Vision into SBA, Investor, and Immigration Business Plans. Fast, Accurate, and Ready to Impress.","publisher":{"@id":"https:\/\/legacybusinessplans.com\/#organization"},"potentialAction":[{"@type":"SearchAction","target":{"@type":"EntryPoint","urlTemplate":"https:\/\/legacybusinessplans.com\/?s={search_term_string}"},"query-input":{"@type":"PropertyValueSpecification","valueRequired":true,"valueName":"search_term_string"}}],"inLanguage":"en-US"},{"@type":"Organization","@id":"https:\/\/legacybusinessplans.com\/#organization","name":"Legacy Business Plans","url":"https:\/\/legacybusinessplans.com\/","logo":{"@type":"ImageObject","inLanguage":"en-US","@id":"https:\/\/legacybusinessplans.com\/#\/schema\/logo\/image\/","url":"https:\/\/legacybusinessplans.com\/wp-content\/uploads\/2025\/02\/LBP-GF-LOGO.png","contentUrl":"https:\/\/legacybusinessplans.com\/wp-content\/uploads\/2025\/02\/LBP-GF-LOGO.png","width":3750,"height":3750,"caption":"Legacy Business Plans"},"image":{"@id":"https:\/\/legacybusinessplans.com\/#\/schema\/logo\/image\/"},"sameAs":["https:\/\/www.instagram.com\/legacybusinessplans\/","https:\/\/www.linkedin.com\/in\/jenny-betancourt-finance\/"]}]}},"_links":{"self":[{"href":"https:\/\/legacybusinessplans.com\/wp-json\/wp\/v2\/pages\/4483","targetHints":{"allow":["GET"]}}],"collection":[{"href":"https:\/\/legacybusinessplans.com\/wp-json\/wp\/v2\/pages"}],"about":[{"href":"https:\/\/legacybusinessplans.com\/wp-json\/wp\/v2\/types\/page"}],"author":[{"embeddable":true,"href":"https:\/\/legacybusinessplans.com\/wp-json\/wp\/v2\/users\/5"}],"replies":[{"embeddable":true,"href":"https:\/\/legacybusinessplans.com\/wp-json\/wp\/v2\/comments?post=4483"}],"version-history":[{"count":2,"href":"https:\/\/legacybusinessplans.com\/wp-json\/wp\/v2\/pages\/4483\/revisions"}],"predecessor-version":[{"id":5607,"href":"https:\/\/legacybusinessplans.com\/wp-json\/wp\/v2\/pages\/4483\/revisions\/5607"}],"wp:attachment":[{"href":"https:\/\/legacybusinessplans.com\/wp-json\/wp\/v2\/media?parent=4483"}],"curies":[{"name":"wp","href":"https:\/\/api.w.org\/{rel}","templated":true}]}}